{"id":51,"date":"2019-05-17T04:00:24","date_gmt":"2019-05-17T02:00:24","guid":{"rendered":"https:\/\/sela.ma\/?page_id=51"},"modified":"2021-09-27T23:31:24","modified_gmt":"2021-09-27T21:31:24","slug":"mentions-legales","status":"publish","type":"page","link":"https:\/\/sela.ma\/agadir\/mentions-legales\/","title":{"rendered":"Mentions l\u00e9gales"},"content":{"rendered":"\n\n\n<p><strong>Conditions d'utilisation du site web de Sela Park: <\/strong><\/p>\n\n\n\n<p>Les \u00e9l\u00e9ments du site web de Sela Park (le \" pr\u00e9sent site \"), qui peuvent inclure du texte, des images, des extraits audio et vid\u00e9o, des logiciels et d'autres \u00e9l\u00e9ments (le \" contenu \"), ne sont fournis par Sela Plaza qu'\u00e0 des fins d'information. En acc\u00e9dant au pr\u00e9sent site ou en t\u00e9l\u00e9chargeant tout \u00e9l\u00e9ment du contenu, vous acceptez d'\u00eatre li\u00e9(e) par les conditions pr\u00e9cis\u00e9es ci-dessous (les \" pr\u00e9sentes conditions \"). Si vous n'acceptez pas les pr\u00e9sentes conditions, vous ne devez ni acc\u00e9der au site ni t\u00e9l\u00e9charger le moindre \u00e9l\u00e9ment du contenu.<\/p>\n\n\n\n<p><strong>Responsabilit\u00e9s :<\/strong><\/p>\n\n\n\n<p>Sela Park n'est pas responsable lorsque l'inex\u00e9cution de la commande en ligne r\u00e9sulte d'un cas de force majeure notamment en cas d'interruption du service li\u00e9 au transfert ou de transmission des informations ou au syst\u00e8me de t\u00e9l\u00e9coms du donneur de la commande. Il est bien entendu que Sela Park assume une obligation de moyens en ce qui concerne la r\u00e9ception et l'\u00e9mission des informations. Elle n'assume aucune responsabilit\u00e9 en ce qui concerne le transport ou la r\u00e9ception des informations \u00e9chang\u00e9es.<\/p>\n\n\n\n<p>Sela Park est \u00e9tranger \u00e0 tout litige susceptible de survenir entre le donneur de la commande et l'op\u00e9rateur T\u00e9l\u00e9com, il n'est pas responsable d'une cons\u00e9quence de d\u00e9faut de s\u00e9curit\u00e9 du terminal de la connexion utilis\u00e9e par le donneur de la commande.<\/p>\n\n\n\n<p><strong>Limitation de responsabilit\u00e9 : <\/strong><\/p>\n\n\n\n<p>Sela Park s'emploie \u00e0 assurer l'exactitude et la fiabilit\u00e9 du contenu du pr\u00e9sent site ; toutefois, le contenu ayant \u00e9t\u00e9 compil\u00e9 par Sela Park \u00e0 partir de sources diverses, il vous est fourni tel quel, en fonction des \u00e9l\u00e9ments disponibles. <\/p>\n\n\n\n<p>Sela Park ne peut \u00eatre tenu responsable envers vous ou un tiers des erreurs ou des omissions de toute nature entachant le contenu ou les \u00e9l\u00e9ments li\u00e9s au pr\u00e9sent site ; Sela Park n'accorde, que ce soit \u00e0 vous ou aux tiers, aucune garantie expresse ou implicite sur le contenu ou sur les \u00e9l\u00e9ments li\u00e9s au pr\u00e9sent site, et notamment aucune garantie de non-contrefa\u00e7on, de qualit\u00e9 marchande ou d'adaptation \u00e0 une fin particuli\u00e8re.<\/p>\n\n\n\n<p>Le pr\u00e9sent site comporte des liens qui permettent d'acc\u00e9der \u00e0 des sites web non g\u00e9r\u00e9s ou contr\u00f4l\u00e9s par Sela Park.<\/p>\n\n\n\n<p>Sela Park ne fournit ces liens que pour votre commodit\u00e9 et n'est nullement responsable du contenu des sites auxquels ils m\u00e8nent. <\/p>\n\n\n\n<p>Sela Park prend des mesures raisonnables pour assurer l'exactitude du contenu du pr\u00e9sent site, mais ne peut garantir le caract\u00e8re exact ou complet des informations accessibles par les liens pr\u00e9cit\u00e9s. Il n'accorde, sur ces informations, aucune garantie de non-contrefa\u00e7on, de qualit\u00e9 marchande ou d'adaptation \u00e0 une fin particuli\u00e8re. <\/p>\n\n\n\n<p>Sela Park n'accorde enfin aucune garantie sur les autres sites web auxquels le pr\u00e9sent site vous donne acc\u00e8s. Il vous incombe enti\u00e8rement de vous assurer que les sites web auxquels vous choisissez d'acc\u00e9der sont exempts de tout \u00e9l\u00e9ment destructeur, virus compris.<\/p>\n\n\n\n<p>Sela Park ne peut en aucune circonstance \u00eatre tenu responsable des dommages de toute nature, indirects, sp\u00e9ciaux ou fortuits compris, r\u00e9sultant directement ou indirectement de l'utilisation ou de la performance du pr\u00e9sent site ou encore du contenu disponible ou \u00e9voqu\u00e9 sur celui-ci ou sur tout autre site auquel vous pouvez acc\u00e9der par le pr\u00e9sent site, m\u00eame s\u2019il a \u00e9t\u00e9 avis\u00e9 de la possibilit\u00e9 de tels dommages.<\/p>\n\n\n\n<p><strong>Utilisation du pr\u00e9sent site : <\/strong><\/p>\n\n\n\n<p>Il vous est interdit de transmettre, de publier, de reproduire ou de diffuser sur le pr\u00e9sent site de l'information ou des \u00e9l\u00e9ments : Si cela constitue une infraction criminelle ou peut donner lieu \u00e0 des poursuites en responsabilit\u00e9 civile, ou si cela incite \u00e0 la commission d'actes pouvant constituer une telle infraction ou pouvant donner lieu \u00e0 de telles poursuites; Si cette information ou ces \u00e9l\u00e9ments sont prot\u00e9g\u00e9s par droits d'auteur ou d'autres droits de propri\u00e9t\u00e9 intellectuelle sans obtenir la permission du d\u00e9tenteur de ces droits (cette interdiction s'\u00e9tend aux \u00e9l\u00e9ments d\u00e9riv\u00e9s de l'information ou des \u00e9l\u00e9ments pr\u00e9cit\u00e9s); ou si cela constitue une utilisation du pr\u00e9sent site contraire \u00e0 la loi ou \u00e0 l'\u00e9tiquette d'Internet ou encore si cela peut nuire \u00e0 l'utilisation du pr\u00e9sent site ou d'internet par d'autres utilisateurs, y compris par la diffusion ou la transmission d'information ou de logiciels comportant des virus ou d'autres \u00e9l\u00e9ments perturbateurs. <\/p>\n\n\n\n<p><strong>Droits d\u2019auteur :<\/strong><\/p>\n\n\n\n<p>Tout le contenu publi\u00e9 sur le pr\u00e9sent site ou autrement accessible par l'entremise de celui-ci est prot\u00e9g\u00e9 par droits d'auteur. Le contenu et les droits d'auteur sur le contenu appartiennent ou sont sous le contr\u00f4le de Sela Park ou de ses fournisseurs de contenu. Vous ne pouvez utiliser ou reproduire l'information que comporte le contenu qu'\u00e0 des fins d'usage personnel, non commercial ou \u00e9ducatif. Toute autre utilisation, reproduction, diffusion, publication ou retransmission du contenu est strictement interdite sans l'autorisation \u00e9crite du d\u00e9tenteur des droits d'auteur. Vous devez vous conformer \u00e0 la totalit\u00e9 des avis, des informations et des restrictions int\u00e9gr\u00e9s au contenu, et ne devez pas les retirer de celui-ci.<\/p>\n\n\n\n<p><strong>Marques de commerce : <\/strong><\/p>\n\n\n\n<p>Sela Park est une marque de commerce d\u00e9pos\u00e9e au Maroc. Les noms de la totalit\u00e9 des autres produits, services ou soci\u00e9t\u00e9s mentionn\u00e9s sur le pr\u00e9sent site peuvent \u00eatre des marques de commerce de leurs d\u00e9tenteurs respectifs. Il vous est interdit d'utiliser la moindre marque de commerce figurant sur le pr\u00e9sent site sans l'autorisation \u00e9crite de Sela Park ou du d\u00e9tenteur des droits sur cette marque de commerce. <\/p>\n\n\n\n<p><strong>Vie priv\u00e9e et information confidentielle : <\/strong><\/p>\n\n\n\n<p>La politique de Sela Park relative \u00e0 la vie priv\u00e9e et \u00e0 la s\u00e9curit\u00e9 fait partie int\u00e9grante des pr\u00e9sentes conditions.<\/p>\n\n\n\n<p><strong>Indemnisation : <\/strong><\/p>\n\n\n\n<p>Vous vous engagez \u00e0 tenir Sela Park indemne et \u00e0 couvert de la totalit\u00e9 des dommages, des frais et des d\u00e9penses, honoraires d'avocat raisonnables compris, li\u00e9s \u00e0 toute violation des pr\u00e9sentes conditions soit par vous ou par les utilisateurs de votre compte, soit en relation avec l'utilisation du pr\u00e9sent site ou \u00e0 la diffusion ou la transmission de toute information ou d'autres \u00e9l\u00e9ments sur le pr\u00e9sent site par vous ou par les utilisateurs de votre compte.<\/p>\n\n\n\n<p><strong>Modifications : <\/strong><\/p>\n\n\n\n<p>Sela Park se r\u00e9serve le droit de modifier ou de supprimer, en tout ou en partie, tout \u00e9l\u00e9ment du contenu du pr\u00e9sent site, et ce, en tout temps et sans pr\u00e9avis.<\/p>\n\n\n\n<p><strong>Dispositions diverses : <\/strong><\/p>\n\n\n\n<p>Les pr\u00e9sentes conditions, y compris la politique de Sela Park relative \u00e0 la vie priv\u00e9e et \u00e0 la s\u00e9curit\u00e9 ainsi que les autres documents \u00e9voqu\u00e9s aux pr\u00e9sentes, constituent l'entente int\u00e9grale entre Sela Park et vous quant \u00e0 l'utilisation du pr\u00e9sent site. Le d\u00e9faut de Sela Park d'insister sur le strict respect de toute disposition des pr\u00e9sentes ou d'assurer ce respect ne constitue nullement une renonciation \u00e0 quelque disposition ou droit que ce soit. Le fait que l'une des pr\u00e9sentes conditions soit d\u00e9clar\u00e9e nulle, invalide ou autrement inex\u00e9cutoire par un tribunal comp\u00e9tent n'influe en rien sur les autres dispositions des pr\u00e9sentes. La pr\u00e9sente entente est r\u00e9gie par les lois du Maroc et par les lois qui y sont applicables ; elle doit \u00eatre interpr\u00e9t\u00e9e \u00e0 la lumi\u00e8re desdites lois.<\/p>\n","protected":false},"excerpt":{"rendered":"<p>Conditions d&rsquo;utilisation du site web de Sela Park: Les \u00e9l\u00e9ments du site web de Sela Park (le \u00a0\u00bb pr\u00e9sent site \u00ab\u00a0), qui peuvent inclure du texte, des images, des extraits audio et vid\u00e9o, des logiciels et d&rsquo;autres \u00e9l\u00e9ments (le \u00a0\u00bb contenu \u00ab\u00a0), ne sont fournis par Sela Plaza qu&rsquo;\u00e0 des fins d&rsquo;information. En acc\u00e9dant au [&hellip;]<\/p>\n","protected":false},"author":2,"featured_media":3525,"parent":0,"menu_order":0,"comment_status":"closed","ping_status":"closed","template":"","meta":{"_acf_changed":false,"footnotes":""},"class_list":["post-51","page","type-page","status-publish","has-post-thumbnail","hentry"],"acf":[],"_links":{"self":[{"href":"https:\/\/sela.ma\/agadir\/wp-json\/wp\/v2\/pages\/51","targetHints":{"allow":["GET"]}}],"collection":[{"href":"https:\/\/sela.ma\/agadir\/wp-json\/wp\/v2\/pages"}],"about":[{"href":"https:\/\/sela.ma\/agadir\/wp-json\/wp\/v2\/types\/page"}],"author":[{"embeddable":true,"href":"https:\/\/sela.ma\/agadir\/wp-json\/wp\/v2\/users\/2"}],"replies":[{"embeddable":true,"href":"https:\/\/sela.ma\/agadir\/wp-json\/wp\/v2\/comments?post=51"}],"version-history":[{"count":16,"href":"https:\/\/sela.ma\/agadir\/wp-json\/wp\/v2\/pages\/51\/revisions"}],"predecessor-version":[{"id":4500,"href":"https:\/\/sela.ma\/agadir\/wp-json\/wp\/v2\/pages\/51\/revisions\/4500"}],"wp:featuredmedia":[{"embeddable":true,"href":"https:\/\/sela.ma\/agadir\/wp-json\/wp\/v2\/media\/3525"}],"wp:attachment":[{"href":"https:\/\/sela.ma\/agadir\/wp-json\/wp\/v2\/media?parent=51"}],"curies":[{"name":"wp","href":"https:\/\/api.w.org\/{rel}","templated":true}]}}